{"id":1154,"date":"2016-07-06T13:44:39","date_gmt":"2016-07-06T13:44:39","guid":{"rendered":"http:\/\/hilsonic.co.uk\/?page_id=1154"},"modified":"2016-08-01T09:17:37","modified_gmt":"2016-08-01T09:17:37","slug":"ueber-uns","status":"publish","type":"page","link":"https:\/\/www.hilsonic.co.uk\/de\/ueber-uns\/","title":{"rendered":"\u00dcber uns"},"content":{"rendered":"<div class=\"pageSplash\"> <img decoding=\"async\" class=\"uk-visible-large\" src=\"https:\/\/www.hilsonic.co.uk\/wp-content\/uploads\/2014\/09\/Technology-Splash3.jpg\"\/> <\/p>\n<h1 style=\"top: 60px; left: 0px; font-size: 48px; color: #000; text-transform: uppercase; background-color: rgba(255,255,255, 0.8); padding: 20px 20px 50px 20px;\"><strong>Die Kraft von Hilsonic<\/strong><\/h1>\n<h4 style=\"position: absolute; top: 130px; left: 20px;\">Oberfl\u00e4che hundertmal pro Sekunde gereinigt<\/h4>\n<\/div>\n<div class=\"uk-grid\">\n<div class=\"uk-width-medium-7-10\">\n<p class=\"firstP\">Hilsonic sind f\u00fchrende britische Designer und Hersteller von Ultraschallreiniger und Reinigungsger\u00e4te. Wir haben mehr als 35 j\u00e4hrigen Erfahrung und versorgen Industrie durch beide Gro\u03b2britannien und Europa. Unsere Produkte werden in mehreren Bereichen inklusiver industriellen, medizinischen und kommerziellen eingesezt.<\/p>\n<p class=\"titleP\">Die Wahl der Techniker f\u00fcr hervorragende Leistung<\/p>\n<p>Unsere patentierte Technologien benutzen Ultraschall, um problemische Verunreinigung von allen Sorten harter Oberfl\u00e4chen zu entfernen, z.B. Metalle, Kunststoffe und Keramik. Die Kraft unserer Ger\u00e4te k\u00f6nnen genutzt werden, um Gegenst\u00e4nde aller Formen, Gr\u00f6\u03b2en und technischen Kompliziertheiten zu reinigen, in die L\u00f6cke und Hohlr\u00e4ume dringend, die durch normale Reinigungsmethode unm\u00f6glich zu erreichen sind.<\/p>\n<p>Unserer Ultraschallreinigungsproze\u03b2 wird auf piezo elektrischen Wandler basiert, die an dem Reinigungstank befestigt werden. Diese Wandler erzeugen Ultraschallwellen, die die Reinigungsfl\u00fcssigkeit \u2013 entweder Wasser oder eine speziell-formulierte Chemikalie \u2013 auf eine sehr hohe Geschwindigkeit vibrieren, die einen Proze\u03b2 namens Kavitation erzeugt. Millionen von winzigen Blasen implodieren in die L\u00f6sung und dringen durch jedes Loch des zu reinigendes Gegenstandes,  damit Schmutz und Dreck innerhalb Sekunden entfernt werden.<\/p><\/div>\n<div class=\"uk-width-medium-3-10\"><img decoding=\"async\" style=\"border-right: 1px solid #8abee7; padding-right: 15px; border-left: 1px solid #8abee7; padding-left: 15px;\"  src=\"https:\/\/www.hilsonic.co.uk\/wp-content\/uploads\/2014\/03\/About-Side4-767x1024.jpg\" \/><\/div>\n<\/div>\n<hr>\n<div class=\"uk-grid\">\n<div class=\"uk-width-medium-7-10\">\n<p class=\"titleP\">Einzigartige Design und Bau<\/p>\n<p>Unsere Reinigungsger\u00e4te sind einzigartig in Design und Bau. Sie sind f\u00fcr hervorragende Leistung und langes Leben entwickelt worden. Sowohl wie die Herstellung von Ultraschallreinigungsger\u00e4ten, sind wir auch ein Erstausr\u00fcster, der Ultraschallkomponenten und Anordnungen hoher Qualit\u00e4t f\u00fcr die Einsetzung in verschiedene Forme industrieller On- und Offline-Reinigungsanlagen versorgen. <\/p><\/div>\n<div class=\"uk-width-medium-3-10\"><img loading=\"lazy\" decoding=\"async\" style=\"border-right: 1px solid #8abee7; padding-right: 15px; border-left: 1px solid #8abee7; padding-left: 15px;\"  src=\"https:\/\/www.hilsonic.co.uk\/wp-content\/uploads\/2014\/03\/Construction-side2-1024x660.jpg\" alt=\"Construction-side2\" width=\"1024\" height=\"660\" \/><\/div>\n<\/div>\n<hr>\n<div class=\"uk-grid\">\n<div class=\"uk-width-medium-7-10\">\n<p class=\"titleP\">Ma\u03b2geschneidert- und Standardprodukte<\/p>\n<p>Unserer hochflexible Herstellungsansatz erm\u00f6glicht, dass wir beide Ma\u03b2geschneidert- und Standardl\u00f6sungen anbieten k\u00f6nnen.<\/p>\n<p>OUnsere ma\u03b2geschneiderte Maschinen werden zu nicht genormte Gr\u00f6\u03b2en f\u00fcr spezialisierte Reinigungsanwendungen hergestellt. Diese reichen von Mikrochips bis hin zu Flugzeugsteilen, Uhren bis hin zu Backblechen. Unsere kundenspezifische Tanks sind auf Bestellung hergestellt, ohne da\u03b2 unsere Kunden unter der Strafe eines hohen Preis f\u00fcr nicht genormte Anforderungen leiden. Jederzeit achten wir sorgf\u00e4ltig darauf, die richtige Spezifikation, Frequenz und Chemikalien festzulegen, um das besondere Reinigungsproblem anzupassen.<\/p>\n<p>Unsere Standardprodukte umfassen eine Reihe von preisg\u00fcnstigen Tanks f\u00fcr die Tischfl\u00e4chen, die, als Antwort auf Bitten um schnelle Lieferungen, jetzt in unserem Online-Shop zur Verf\u00fcgung stehen. <\/p><\/div>\n<div class=\"uk-width-medium-3-10\"><img decoding=\"async\" style=\"border-right: 1px solid #8abee7; padding-right: 15px; border-left: 1px solid #8abee7; padding-left: 15px;\"  src=\"https:\/\/www.hilsonic.co.uk\/wp-content\/uploads\/2014\/05\/Hsonic3000small_ultrasonic_cleaner.jpg\"  \/><\/div>\n<\/div>\n<hr>\n<div class=\"uk-width-1-1\">\n<p class=\"titleP\">Betreuung<\/p>\n<p>Wir bieten unsere Kunden volle Betreuung inklusiver Dienstleistungsvertr\u00e4ge, Ausbildungsprogramme und Beratung f\u00fcr die Nutzung von Zubeh\u00f6rteilen und Chemikalien.<\/p><\/div>\n","protected":false},"excerpt":{"rendered":"<p>Die Kraft von Hilsonic Oberfl\u00e4che hundertmal pro Sekunde gereinigt Hilsonic sind f\u00fchrende britische Designer und Hersteller von Ultraschallreiniger und Reinigungsger\u00e4te. Wir haben mehr als 35 j\u00e4hrigen Erfahrung und versorgen Industrie durch beide Gro\u03b2britannien und Europa. Unsere Produkte werden in mehreren Bereichen inklusiver industriellen, medizinischen und kommerziellen eingesezt. Die Wahl der Techniker f\u00fcr hervorragende Leistung Unsere [&hellip;]<\/p>\n","protected":false},"author":1,"featured_media":0,"parent":0,"menu_order":0,"comment_status":"closed","ping_status":"closed","template":"","meta":{"_acf_changed":false,"_locale":"de_DE","_original_post":"28","footnotes":""},"class_list":["post-1154","page","type-page","status-publish","hentry","de-DE"],"acf":[],"_links":{"self":[{"href":"https:\/\/www.hilsonic.co.uk\/wp-json\/wp\/v2\/pages\/1154","targetHints":{"allow":["GET"]}}],"collection":[{"href":"https:\/\/www.hilsonic.co.uk\/wp-json\/wp\/v2\/pages"}],"about":[{"href":"https:\/\/www.hilsonic.co.uk\/wp-json\/wp\/v2\/types\/page"}],"author":[{"embeddable":true,"href":"https:\/\/www.hilsonic.co.uk\/wp-json\/wp\/v2\/users\/1"}],"replies":[{"embeddable":true,"href":"https:\/\/www.hilsonic.co.uk\/wp-json\/wp\/v2\/comments?post=1154"}],"version-history":[{"count":6,"href":"https:\/\/www.hilsonic.co.uk\/wp-json\/wp\/v2\/pages\/1154\/revisions"}],"predecessor-version":[{"id":1252,"href":"https:\/\/www.hilsonic.co.uk\/wp-json\/wp\/v2\/pages\/1154\/revisions\/1252"}],"wp:attachment":[{"href":"https:\/\/www.hilsonic.co.uk\/wp-json\/wp\/v2\/media?parent=1154"}],"curies":[{"name":"wp","href":"https:\/\/api.w.org\/{rel}","templated":true}]}}