{"id":1169,"date":"2016-07-06T14:16:47","date_gmt":"2016-07-06T14:16:47","guid":{"rendered":"http:\/\/hilsonic.co.uk\/?page_id=1169"},"modified":"2016-07-06T14:58:06","modified_gmt":"2016-07-06T14:58:06","slug":"ultraschallreiniger-fuer-die-tischflaechen","status":"publish","type":"page","link":"https:\/\/www.hilsonic.co.uk\/de\/ultraschallreiniger-fuer-die-tischflaechen\/","title":{"rendered":"Ultraschallreiniger f\u00fcr die Tischfl\u00e4chen"},"content":{"rendered":"<div class=\"pageSplash\"> <img decoding=\"async\" class=\"uk-visible-large\" style=\"background-color: #ebebeb\" src=\"https:\/\/www.hilsonic.co.uk\/wp-content\/uploads\/2014\/06\/Benchtop-Splash2.png\" \/><\/p>\n<h2 style=\"border-bottom: 1px solid #8abee7; position: absolute; top: 30px; right:20px; font-size: 32px; color: #585858; text-transform: uppercase;\" >Ultraschallreiniger <br \/>f\u00fcr die Tischfl\u00e4chen<\/h2>\n<\/div>\n<p class=\"firstP\">Wo immer es kleinr\u00e4umige Reinigungsprobleme gibt, von Zahnarztbohrer zu Flugzeugkomponenten, werden unsere Ultraschalltanks f\u00fcr die Tischfl\u00e4chen st\u00e4ndig benutzt. Sie sind in drei verschiedenen Paletten verf\u00fcgbar und haben eine riesige Zahl von Anwendungen, die chirurgische Instrumente, Elektronik, Schmuckwaren und Keramik umfassen.<\/p>\n<hr>\n<div class=\"uk-grid\">\n<div class=\"uk-width-medium-6-10\">\n<p class=\"titleP\">Die Leistungspalette<\/p>\n<p>Unsere britisch gebaute Ultraschalltanks werden in Edelstahl konstruiert und f\u00fcr langdauernde Belastungen und Zuverl\u00e4ssigkeit entworfen.  Produktfunktionen umfassen unseren patentierten Frequenzdurchlauf f\u00fcr gleichere und intensivere Kavitation und f\u00fchren zu kr\u00e4ftigeren Reinigungsverm\u00f6gen.<\/p>\n<p>Die Leistungspalette profitiert auch von den strapazierf\u00e4higen industriellen Stabwandler und erzeugen einen Frequenzbereich von 20-100 kHz.\n<\/p><\/div>\n<div class=\"uk-width-medium-4-10\">\n<div class=\"uk-float-right\"><img loading=\"lazy\" decoding=\"async\" style=\"border-right: 1px solid #8abee7; border-left: 1px solid #8abee7\" src=\"https:\/\/www.hilsonic.co.uk\/wp-content\/uploads\/2014\/03\/Performance11.jpg\" alt=\"Performance1\" width=\"240\" height=\"240\" class=\"alignnone size-full wp-image-306\" srcset=\"https:\/\/www.hilsonic.co.uk\/wp-content\/uploads\/2014\/03\/Performance11.jpg 240w, https:\/\/www.hilsonic.co.uk\/wp-content\/uploads\/2014\/03\/Performance11-100x100.jpg 100w, https:\/\/www.hilsonic.co.uk\/wp-content\/uploads\/2014\/03\/Performance11-150x150.jpg 150w\" sizes=\"auto, (max-width: 240px) 100vw, 240px\" \/><\/div>\n<\/div>\n<\/div>\n<hr>\n<div class=\"uk-grid\">\n<div class=\"uk-width-medium-6-10\">\n<p class=\"titleP\">Die Budgetpalette<\/p>\n<p>Unsere britisch gebaute Budgetger\u00e4te f\u00fcr die Tischfl\u00e4chen werden f\u00fcr klein angelegten oder gelegentlichen Gebrauch entworfen. Sie sind klassische \u201cNo-frill\u201d Ger\u00e4te mit einem Leistungsbereich zwischen 100 bis 800 Watt RMS und aus Edelstahl konstruiert. Die Budgetpalette ist f\u00fcr gute Reinigungsleistung bei einem g\u00fcnstigen Preis entworfen, indem wir nichts in Bezug auf Ultraschalleistung einsparen.<\/p><\/div>\n<div class=\"uk-width-medium-4-10\">\n<div class=\"uk-float-right\"><img loading=\"lazy\" decoding=\"async\" style=\"border-right: 1px solid #8abee7; border-left: 1px solid #8abee7\" src=\"https:\/\/www.hilsonic.co.uk\/wp-content\/uploads\/2014\/03\/Budget1.png\" alt=\"Budget1\" width=\"240\" height=\"240\" class=\"alignnone size-full wp-image-321\" srcset=\"https:\/\/www.hilsonic.co.uk\/wp-content\/uploads\/2014\/03\/Budget1.png 240w, https:\/\/www.hilsonic.co.uk\/wp-content\/uploads\/2014\/03\/Budget1-100x100.png 100w, https:\/\/www.hilsonic.co.uk\/wp-content\/uploads\/2014\/03\/Budget1-150x150.png 150w\" sizes=\"auto, (max-width: 240px) 100vw, 240px\" \/><\/div>\n<\/div>\n<\/div>\n<hr>\n<div class=\"uk-grid\" style=\"background-color: #ebebeb; padding: 20px\">\n<div class=\"uk-width-medium-6-10\">\n<p class=\"titleP\">Sparpalette<\/p>\n<p><a class=\"uk-button uk-button\" href=\"https:\/\/www.hilsonic.co.uk\/product-category\/bench-top-tanks\/\">SHOP ONLINE<\/a><\/p>\n<p>Unsere Sparpalette bietet die neueste Ultraschalltechnologie in Reiniger, die f\u00fcr den Hausgebrauch und leichte kommerzielle Verwendung geeignet sind.<\/p>\n<p>Als Antwort auf Antr\u00e4ge auf schnelle Lieferung sind die Reiniger online verf\u00fcgbar, um die Lieferzeiten zu reduzieren. Normalerweise werden sie innerhalb 24 Stunden der Bestellbest\u00e4tigung versandt, bieten sie Spitzenqualit\u00e4t bei unglaublichen Preisen und fallen sie unter eine 12 Monate RTB Garantie.<\/p><\/div>\n<div class=\"uk-width-medium-4-10\">\n<div class=\"uk-float-right\"><img loading=\"lazy\" decoding=\"async\" style=\"border-right: 1px solid #8abee7; border-left: 1px solid #8abee7\" src=\"https:\/\/www.hilsonic.co.uk\/wp-content\/uploads\/2014\/03\/Economy1.png\" alt=\"Economy1\" width=\"240\" height=\"240\" class=\"alignnone size-full wp-image-332\" srcset=\"https:\/\/www.hilsonic.co.uk\/wp-content\/uploads\/2014\/03\/Economy1.png 240w, https:\/\/www.hilsonic.co.uk\/wp-content\/uploads\/2014\/03\/Economy1-100x100.png 100w, https:\/\/www.hilsonic.co.uk\/wp-content\/uploads\/2014\/03\/Economy1-150x150.png 150w\" sizes=\"auto, (max-width: 240px) 100vw, 240px\" \/><\/div>\n<\/div>\n<\/div>\n","protected":false},"excerpt":{"rendered":"<p>Ultraschallreiniger f\u00fcr die Tischfl\u00e4chen Wo immer es kleinr\u00e4umige Reinigungsprobleme gibt, von Zahnarztbohrer zu Flugzeugkomponenten, werden unsere Ultraschalltanks f\u00fcr die Tischfl\u00e4chen st\u00e4ndig benutzt. Sie sind in drei verschiedenen Paletten verf\u00fcgbar und haben eine riesige Zahl von Anwendungen, die chirurgische Instrumente, Elektronik, Schmuckwaren und Keramik umfassen. Die Leistungspalette Unsere britisch gebaute Ultraschalltanks werden in Edelstahl konstruiert und [&hellip;]<\/p>\n","protected":false},"author":1,"featured_media":0,"parent":0,"menu_order":0,"comment_status":"closed","ping_status":"closed","template":"","meta":{"_acf_changed":false,"_locale":"de_DE","_original_post":"88","footnotes":""},"class_list":["post-1169","page","type-page","status-publish","hentry","de-DE"],"acf":[],"_links":{"self":[{"href":"https:\/\/www.hilsonic.co.uk\/wp-json\/wp\/v2\/pages\/1169","targetHints":{"allow":["GET"]}}],"collection":[{"href":"https:\/\/www.hilsonic.co.uk\/wp-json\/wp\/v2\/pages"}],"about":[{"href":"https:\/\/www.hilsonic.co.uk\/wp-json\/wp\/v2\/types\/page"}],"author":[{"embeddable":true,"href":"https:\/\/www.hilsonic.co.uk\/wp-json\/wp\/v2\/users\/1"}],"replies":[{"embeddable":true,"href":"https:\/\/www.hilsonic.co.uk\/wp-json\/wp\/v2\/comments?post=1169"}],"version-history":[{"count":4,"href":"https:\/\/www.hilsonic.co.uk\/wp-json\/wp\/v2\/pages\/1169\/revisions"}],"predecessor-version":[{"id":1173,"href":"https:\/\/www.hilsonic.co.uk\/wp-json\/wp\/v2\/pages\/1169\/revisions\/1173"}],"wp:attachment":[{"href":"https:\/\/www.hilsonic.co.uk\/wp-json\/wp\/v2\/media?parent=1169"}],"curies":[{"name":"wp","href":"https:\/\/api.w.org\/{rel}","templated":true}]}}