{"id":1174,"date":"2016-07-06T14:59:01","date_gmt":"2016-07-06T14:59:01","guid":{"rendered":"http:\/\/hilsonic.co.uk\/?page_id=1174"},"modified":"2016-07-06T15:03:05","modified_gmt":"2016-07-06T15:03:05","slug":"industrieller-ultraschallreiniger","status":"publish","type":"page","link":"https:\/\/www.hilsonic.co.uk\/de\/industrieller-ultraschallreiniger\/","title":{"rendered":"Industrieller Ultraschallreiniger"},"content":{"rendered":"<div class=\"pageSplash\"> <img decoding=\"async\" class=\"uk-visible-large\" style=\"background-color: #ebebeb;\" src=\"https:\/\/www.hilsonic.co.uk\/wp-content\/uploads\/2014\/03\/Industrial-Splash4.png\" alt=\"\" \/><\/p>\n<h2 style=\"border-bottom: 1px solid #8abee7; position: absolute; top: 10px; max-width:400px; right: 20px; font-size: 32px; color: #585858; text-transform: uppercase;\">Industrieller<br \/>\nUltraschallreiniger<\/h2>\n<\/div>\n<p class=\"firstP\">Industrielle Reinigungsproze\u03b2en ben\u00f6tigen eine breite Palette von Maschinenspezifikationen, weil jedes Problem eigenartig und verschieden ist. Um die Unterschiede entsprechend zu ber\u00fccksichtigen, sind unsere industrielle Ultraschallreinigungstanks in vier unterschiedlichen Variationen verf\u00fcgbar.<\/p>\n<hr \/>\n<div class=\"uk-grid\">\n<div class=\"uk-width-medium-7-10\">\n<p class=\"titleP\">Die Budgetpalette<\/p>\n<p>Diese Ger\u00e4te haben einen Leichtbau im Vergleich mit teureren industriellen Ultraschallreinigungsger\u00e4ten, aber sie haben eine gr\u00f6\u03b2ere Palette von Kraft und Frequenzniveaus. Die Budgetpalette wird mit widerstandsf\u00e4higen pulverbeschichteten Stahlplatten konstruiert und wird zusammen mit integrierten Kontrollen.<\/p>\n<\/div>\n<div class=\"uk-width-medium-3-10\">\n<div class=\"uk-float-right\"><img decoding=\"async\" class=\"alignnone size-medium wp-image-18\" style=\"border-right: 1px solid #8abee7; border-left: 1px solid #8abee7;\" src=\"https:\/\/www.hilsonic.co.uk\/wp-content\/uploads\/2014\/06\/Vapour-712.png\" alt=\"\" \/><\/div>\n<\/div>\n<\/div>\n<hr \/>\n<div class=\"uk-grid\">\n<div class=\"uk-width-medium-7-10\">\n<p class=\"titleP\">Die Standardpalette<\/p>\n<p>F\u00fcr au\u03b2ergew\u00f6hnliche Leistungen und langdauernde Belastungen gebaut, die Ultraschallanlagen von unserer Standardpalette werden vollst\u00e4ndig mit hochfestem 316L Edelstahl konstruiert.<\/p>\n<p>Alle Standardmodelle beinhalten die robusten und zuverl\u00e4ssigen Generatore und die industriellen Stabwandler sowie die Firmas eigenartige Frequenzdurchlaufmethode.<\/p>\n<p>Mit einem Watt pro Liter Dichtebereich bis zu 50 W, Hilsonics Standardpalette wird f\u00fcr Jahre st\u00f6rfreien Betrieb in extremen industriellen Umfelder entworfen.\n<\/p><\/div>\n<div class=\"uk-width-medium-3-10\">\n<div class=\"uk-float-right\"><img decoding=\"async\" class=\"alignnone size-full wp-image-364\" style=\"border-right: 1px solid #8abee7; border-left: 1px solid #8abee7;\" src=\"https:\/\/www.hilsonic.co.uk\/wp-content\/uploads\/2014\/03\/Standard-Side3.png\"  \/><\/div>\n<\/div>\n<\/div>\n<hr \/>\n<div class=\"uk-grid\">\n<div class=\"uk-width-medium-7-10\">\n<p class=\"titleP\">Die ES Palette<\/p>\n<p>Mit einer \u00e4hnlicher Bauqualit\u00e4t wie die Standardpalette, gibt es 2 spezielle Wahlen von Ultraschallanlagen in unserer ES Palette. Erstens die speziellen spritzwasserdichten Geh\u00e4user der Generatore haben keine Zwangsluftk\u00fchlvorrichtung. Damit wird versichert, dass kein Schmutz und keine Feuchtigkeit in die Schaltungsplatte eingesaugt werden, die Anlagenst\u00f6rungen verursachen k\u00f6nnten. Zus\u00e4tzlich f\u00fcr Sicherheit und Bedienungsfreundlichkeit k\u00f6nnen die Steuertafeln der Generatore bis zu 30 Metern von dem Reiningungstanks gelegt werden.<\/p>\n<\/div>\n<div class=\"uk-width-medium-3-10\">\n<div class=\"uk-float-right\"><img decoding=\"async\" class=\"alignnone wp-image-352\" style=\"border-right: 1px solid #8abee7; border-left: 1px solid #8abee7;\"  src=\"https:\/\/www.hilsonic.co.uk\/wp-content\/uploads\/2014\/03\/ES-Side1.jpg\"  \/><\/div>\n<\/div>\n<\/div>\n<hr \/>\n<div class=\"uk-grid\">\n<div class=\"uk-width-medium-7-10\">\n<p class=\"titleP\">Die EST Palette<\/p>\n<p>Die EST Modelle sind an der Spitze Hilsonics industrieller Palette. Indem die Bauqualit\u00e4t \u00e4hnlich zu den Standardmodellen ist, sind die Hauptunterschiede, dass die Generatore vollst\u00e4ndig eingeschlossen sind und k\u00f6nnen Spannungsspitze von bis zu 2000 Volt standhalten. Damit sind die Anlagen praktisch unzerst\u00f6rbar, um die extremsten industriellen Umfeldern zu verkraften. <\/p>\n<p>Die EST Palette hat auch Fernsteuerungen als Wahl und wird f\u00fcr schwere industrielle Reinigungsanwendungen entworfen. <\/p>\n<\/div>\n<div class=\"uk-width-medium-3-10\">\n<div class=\"uk-float-right\"><img decoding=\"async\" class=\"alignnone size-full wp-image-360\" style=\"border-right: 1px solid #8abee7; border-left: 1px solid #8abee7;\" src=\"https:\/\/www.hilsonic.co.uk\/wp-content\/uploads\/2014\/03\/EST1.png\" \/><\/div>\n<\/div>\n<\/div>\n","protected":false},"excerpt":{"rendered":"<p>Industrieller Ultraschallreiniger Industrielle Reinigungsproze\u03b2en ben\u00f6tigen eine breite Palette von Maschinenspezifikationen, weil jedes Problem eigenartig und verschieden ist. Um die Unterschiede entsprechend zu ber\u00fccksichtigen, sind unsere industrielle Ultraschallreinigungstanks in vier unterschiedlichen Variationen verf\u00fcgbar. Die Budgetpalette Diese Ger\u00e4te haben einen Leichtbau im Vergleich mit teureren industriellen Ultraschallreinigungsger\u00e4ten, aber sie haben eine gr\u00f6\u03b2ere Palette von Kraft und Frequenzniveaus. [&hellip;]<\/p>\n","protected":false},"author":1,"featured_media":0,"parent":0,"menu_order":0,"comment_status":"closed","ping_status":"closed","template":"","meta":{"_acf_changed":false,"_locale":"de_DE","_original_post":"90","footnotes":""},"class_list":["post-1174","page","type-page","status-publish","hentry","de-DE"],"acf":[],"_links":{"self":[{"href":"https:\/\/www.hilsonic.co.uk\/wp-json\/wp\/v2\/pages\/1174","targetHints":{"allow":["GET"]}}],"collection":[{"href":"https:\/\/www.hilsonic.co.uk\/wp-json\/wp\/v2\/pages"}],"about":[{"href":"https:\/\/www.hilsonic.co.uk\/wp-json\/wp\/v2\/types\/page"}],"author":[{"embeddable":true,"href":"https:\/\/www.hilsonic.co.uk\/wp-json\/wp\/v2\/users\/1"}],"replies":[{"embeddable":true,"href":"https:\/\/www.hilsonic.co.uk\/wp-json\/wp\/v2\/comments?post=1174"}],"version-history":[{"count":4,"href":"https:\/\/www.hilsonic.co.uk\/wp-json\/wp\/v2\/pages\/1174\/revisions"}],"predecessor-version":[{"id":1178,"href":"https:\/\/www.hilsonic.co.uk\/wp-json\/wp\/v2\/pages\/1174\/revisions\/1178"}],"wp:attachment":[{"href":"https:\/\/www.hilsonic.co.uk\/wp-json\/wp\/v2\/media?parent=1174"}],"curies":[{"name":"wp","href":"https:\/\/api.w.org\/{rel}","templated":true}]}}