{"id":1179,"date":"2016-07-06T15:05:41","date_gmt":"2016-07-06T15:05:41","guid":{"rendered":"http:\/\/hilsonic.co.uk\/?page_id=1179"},"modified":"2016-07-06T15:10:42","modified_gmt":"2016-07-06T15:10:42","slug":"intercooler-tanks","status":"publish","type":"page","link":"https:\/\/www.hilsonic.co.uk\/de\/intercooler-tanks\/","title":{"rendered":"Intercooler tanks"},"content":{"rendered":"<div class=\"pageSplash\"> <img decoding=\"async\" class=\"uk-visible-large\" style=\"background-color: #ebebeb;\" src=\"https:\/\/www.hilsonic.co.uk\/wp-content\/uploads\/2014\/03\/Intercooler-Splash3.png\" \/><\/p>\n<h2 style=\"border-bottom: 1px solid #8abee7; position: absolute; top: 60px; right: 20px; font-size: 32px; color: #585858; text-transform: uppercase;\">Intercooler tanks<\/h2>\n<\/div>\n<p class=\"firstP\">F\u00fchrende internationale Lieferanten von industriellen w\u00e4rmetauschenden und zwischenk\u00fchlenden Reinigungstanks.<\/p>\n<p>Hilsonic werden als F\u00fchrer in der Lieferung von Ultraschallreinigungsger\u00e4ten an die Kraftgewinnungs- und Schifffahrtsindustrien anerkannt. Unsere Systeme eignen sich f\u00fcr eine Vielfalt von Zwecken innerhalb dieser Sektoren, einschlie\u03b2lich die Reinigung von W\u00e4rmetauschern, Zwischenk\u00fchlern, geladenen Luftfilterelementen und Partikelfiltern. Zus\u00e4tzlich k\u00f6nnen unsere Systeme auch f\u00fcr die Reinigung von Motorteilen, einschlie\u03b2lich Kolben, Ventile, Zylinderk\u00f6pfe und Motorbl\u00f6cke, benutzt werden. <\/p>\n<p>Wir liefern auch eine Palette von Reinigungstanks geeignet f\u00fcr meiste Viertaktmotork\u00fchlerreinigungsanwendungen, einschlie\u03b2end Wartsila, Bergen Diesel \/ Rolls Royce, Paxman, Ruston Diesel, Caterpillar, MAN B&#038;W Holby, Pilstick, Sulzer und GMT \/ Fiat.<\/p>\n<hr \/>\n<div class=\"uk-grid\">\n<div class=\"uk-width-medium-7-10\">\n<p class=\"titleP\">Der IST2000<\/p>\n<p>Unser kompakteste System mit Innenabmessungen von 500mm x 500mm x 300mm tief. Aus Edelstahl konstruiert mit integrierten Kontrollen, dies ist ein idealer tragbares System f\u00fcr die Reinigung von kleinen Motorteilen und Filtern.<\/p>\n<p><a class=\"uk-button uk-button-primary\" href=\"https:\/\/www.hilsonic.co.uk\/products\/intercooler-tanks\/the-ist2000\/\">Mehr<\/a> <a class=\"pdf-button uk-button uk-button-primary\" target=\"_blank\" href=\"https:\/\/www.hilsonic.co.uk\/wp-content\/uploads\/PDF\/IST-2000.pdf\"><i class=\"uk-icon-file-pdf-o\"><\/i><\/a>\n<\/div>\n<div class=\"uk-width-medium-3-10\">\n<div class=\"uk-float-right\"><img decoding=\"async\" class=\"alignnone size-full wp-image-68\" style=\"border-right: 1px solid #8abee7; border-left: 1px solid #8abee7;\" src=\"https:\/\/www.hilsonic.co.uk\/wp-content\/uploads\/2014\/03\/IST2000.jpg\" \/><\/div>\n<\/div>\n<\/div>\n<hr \/>\n<div class=\"uk-grid\">\n<div class=\"uk-width-medium-7-10\">\n<p class=\"titleP\">Der IST3000<\/p>\n<p>Ein vielseitiges System mit Optionen f\u00fcr entweder eine integrierte oder getrennte Steuertafel. Die Innenabmessungen sind 1m x 1m x 1m. Aus 2mm 316L Edelstahl konstruiert und an ein Kastenquerschnittrahmen befestigt, dieses System hat ein hohes Niveau von Ultraschallkraft mit Pumpe, Filter und streichenden Optionen. <\/p>\n<p><a class=\"uk-button uk-button-primary\" href=\"https:\/\/www.hilsonic.co.uk\/products\/intercooler-tanks\/the-ist3000\/\">Mehr<\/a> <a class=\"pdf-button uk-button uk-button-primary\" target=\"_blank\" href=\"https:\/\/www.hilsonic.co.uk\/wp-content\/uploads\/PDF\/IST-3000.pdf\"><i class=\"uk-icon-file-pdf-o\"><\/i><\/a>\n<\/div>\n<div class=\"uk-width-medium-3-10\">\n<div class=\"uk-float-right\"><img decoding=\"async\" class=\"alignnone size-full wp-image-387\" style=\"border-right: 1px solid #8abee7; border-left: 1px solid #8abee7;\" src=\"https:\/\/www.hilsonic.co.uk\/wp-content\/uploads\/2014\/03\/IST3000.jpg\" \/><\/div>\n<\/div>\n<\/div>\n<hr \/>\n<div class=\"uk-grid\">\n<div class=\"uk-width-medium-7-10\">\n<p class=\"titleP\">Der IST4000<\/p>\n<p>F\u00fcr gr\u00f6\u03b2ere Komponenten wie z.B. W\u00e4rmetauscher, Zwischenk\u00fchler und gro\u03b2e Motorkomponenten entworfen. Innenabmessungen sind 2m x 1.5m x 1.5m tief mit getrenntem Steuergeh\u00e4use, wieder aus Materialien der h\u00f6chste Qualit\u00e4t, die f\u00fcr ein System dieser Art ben\u00f6tigt sind.<\/p>\n<p><a class=\"uk-button uk-button-primary\" href=\"https:\/\/www.hilsonic.co.uk\/products\/intercooler-tanks\/the-ist4000\/\">Mehr<\/a> <a class=\"pdf-button uk-button uk-button-primary\" target=\"_blank\" href=\"https:\/\/www.hilsonic.co.uk\/wp-content\/uploads\/PDF\/IST-4000.pdf\"><i class=\"uk-icon-file-pdf-o\"><\/i><\/a>\n<\/div>\n<div class=\"uk-width-medium-3-10\">\n<div class=\"uk-float-right\"><img decoding=\"async\" class=\"alignnone size-full wp-image-392\" style=\"border-right: 1px solid #8abee7; border-left: 1px solid #8abee7;\" src=\"https:\/\/www.hilsonic.co.uk\/wp-content\/uploads\/2014\/03\/IST4000.jpg\" \/><\/div>\n<\/div>\n<\/div>\n<hr \/>\n<div class=\"uk-grid\">\n<div class=\"uk-width-medium-7-10\">\n<p class=\"titleP\">Der IST5000<\/p>\n<p>Unser gr\u00f6\u03b2te Standardsystem mit Innenabmessungen von 3m x 2m x 2m und ein getrenntes Steuergeh\u00e4use. Das System wird gebaut, um die gr\u00f6\u03b2te K\u00fchler und W\u00e4rmetauscher aufnehmen zu k\u00f6nnen.<\/p>\n<p><a class=\"uk-button uk-button-primary\" href=\"https:\/\/www.hilsonic.co.uk\/products\/intercooler-tanks\/the-ist5000\/\">Mehr<\/a> <a class=\"pdf-button uk-button uk-button-primary\" target=\"_blank\" href=\"https:\/\/www.hilsonic.co.uk\/wp-content\/uploads\/PDF\/IST-5000.pdf\"><i class=\"uk-icon-file-pdf-o\"><\/i><\/a>\n<\/div>\n<div class=\"uk-width-medium-3-10\">\n<div class=\"uk-float-right\"><img decoding=\"async\" class=\"alignnone size-full wp-image-393\" style=\"border-right: 1px solid #8abee7; border-left: 1px solid #8abee7;\" src=\"https:\/\/www.hilsonic.co.uk\/wp-content\/uploads\/2014\/03\/IST5000.jpg\" \/><\/div>\n<\/div>\n<\/div>\n<hr \/>\n<p class=\"titleP\">Scruffite Marine<\/p>\n<p>Scruffite Marine ist unserer neuer besonders formulierter Zusatzstoff  zur Verwendung in Ultraschallreinigungsger\u00e4ten f\u00fcr die Reinigung, Entzunderung und Entkohlung von Zwischenk\u00fchlern und W\u00e4rmetauschern.<\/p>\n<p>Bitte <a href=\"https:\/\/www.hilsonic.co.uk\/chemical-solutions\/\">klicken Sie hier<\/a> f\u00fcr weitere Informationen. <\/p>\n","protected":false},"excerpt":{"rendered":"<p>Intercooler tanks F\u00fchrende internationale Lieferanten von industriellen w\u00e4rmetauschenden und zwischenk\u00fchlenden Reinigungstanks. Hilsonic werden als F\u00fchrer in der Lieferung von Ultraschallreinigungsger\u00e4ten an die Kraftgewinnungs- und Schifffahrtsindustrien anerkannt. Unsere Systeme eignen sich f\u00fcr eine Vielfalt von Zwecken innerhalb dieser Sektoren, einschlie\u03b2lich die Reinigung von W\u00e4rmetauschern, Zwischenk\u00fchlern, geladenen Luftfilterelementen und Partikelfiltern. Zus\u00e4tzlich k\u00f6nnen unsere Systeme auch f\u00fcr die [&hellip;]<\/p>\n","protected":false},"author":1,"featured_media":0,"parent":0,"menu_order":0,"comment_status":"closed","ping_status":"closed","template":"","meta":{"_acf_changed":false,"_locale":"de_DE","_original_post":"92","footnotes":""},"class_list":["post-1179","page","type-page","status-publish","hentry","de-DE"],"acf":[],"_links":{"self":[{"href":"https:\/\/www.hilsonic.co.uk\/wp-json\/wp\/v2\/pages\/1179","targetHints":{"allow":["GET"]}}],"collection":[{"href":"https:\/\/www.hilsonic.co.uk\/wp-json\/wp\/v2\/pages"}],"about":[{"href":"https:\/\/www.hilsonic.co.uk\/wp-json\/wp\/v2\/types\/page"}],"author":[{"embeddable":true,"href":"https:\/\/www.hilsonic.co.uk\/wp-json\/wp\/v2\/users\/1"}],"replies":[{"embeddable":true,"href":"https:\/\/www.hilsonic.co.uk\/wp-json\/wp\/v2\/comments?post=1179"}],"version-history":[{"count":3,"href":"https:\/\/www.hilsonic.co.uk\/wp-json\/wp\/v2\/pages\/1179\/revisions"}],"predecessor-version":[{"id":1182,"href":"https:\/\/www.hilsonic.co.uk\/wp-json\/wp\/v2\/pages\/1179\/revisions\/1182"}],"wp:attachment":[{"href":"https:\/\/www.hilsonic.co.uk\/wp-json\/wp\/v2\/media?parent=1179"}],"curies":[{"name":"wp","href":"https:\/\/api.w.org\/{rel}","templated":true}]}}