{"id":1191,"date":"2016-07-07T12:16:17","date_gmt":"2016-07-07T12:16:17","guid":{"rendered":"http:\/\/hilsonic.co.uk\/?page_id=1191"},"modified":"2016-07-07T12:16:17","modified_gmt":"2016-07-07T12:16:17","slug":"multi-stage-tanks","status":"publish","type":"page","link":"https:\/\/www.hilsonic.co.uk\/de\/multi-stage-tanks\/","title":{"rendered":"Multi-stage tanks"},"content":{"rendered":"<div class=\"pageSplash\"> <img decoding=\"async\" class=\"uk-visible-large\" style=\"background-color: #ebebeb\" src=\"https:\/\/www.hilsonic.co.uk\/wp-content\/uploads\/2014\/06\/Multistage-Splash.png\" \/><\/p>\n<h2 style=\"border-bottom: 1px solid #8abee7; position: absolute; top: 60px; right: 20px; font-size: 32px; color: #585858; text-transform: uppercase;\" >Multi-stage tanks<\/h2>\n<\/div>\n<p class=\"firstP\">Hilsonics mehrstufige Phasenmodellen werden ohne Kompromisse bei Qualit\u00e4t oder Zuverl\u00e4ssigkeit immer die besten Reinigungsergebnisse erbringen.<\/p>\n<p>Mit \u00fcber 25 Jahren von dedizierter Industrieerfahrung kann Hilsonic ein einzigartiger Service anbieten, um st\u00e4ndig wechselnde Bedarfe f\u00fcr komplexe industrielle Reinigungsproze\u03b2e zu decken, die mehrstufige L\u00f6sungen verlangen.<\/p>\n<p>Ob ein Standard oder Ma\u03b2geschneidertes System ben\u00f6tigt wird, freuen wir uns v\u00f6llig in allen Phasen mit dem Kunden zu konsultieren, um ein eigenartiges passendes System zu entwickeln.  <\/p>\n<p>Das kann eine Vereinigung von w\u00e4ssrigen, dampfen und trockenden Prozessen in einer Vielfalt von Durchflussregelsystemen beinhalten, mit Optionen f\u00fcr Hand oder automatischen Betrieb. <\/p>\n","protected":false},"excerpt":{"rendered":"<p>Multi-stage tanks Hilsonics mehrstufige Phasenmodellen werden ohne Kompromisse bei Qualit\u00e4t oder Zuverl\u00e4ssigkeit immer die besten Reinigungsergebnisse erbringen. Mit \u00fcber 25 Jahren von dedizierter Industrieerfahrung kann Hilsonic ein einzigartiger Service anbieten, um st\u00e4ndig wechselnde Bedarfe f\u00fcr komplexe industrielle Reinigungsproze\u03b2e zu decken, die mehrstufige L\u00f6sungen verlangen. Ob ein Standard oder Ma\u03b2geschneidertes System ben\u00f6tigt wird, freuen wir uns [&hellip;]<\/p>\n","protected":false},"author":1,"featured_media":0,"parent":0,"menu_order":0,"comment_status":"closed","ping_status":"closed","template":"","meta":{"_acf_changed":false,"_locale":"de_DE","_original_post":"94","footnotes":""},"class_list":["post-1191","page","type-page","status-publish","hentry","de-DE"],"acf":[],"_links":{"self":[{"href":"https:\/\/www.hilsonic.co.uk\/wp-json\/wp\/v2\/pages\/1191","targetHints":{"allow":["GET"]}}],"collection":[{"href":"https:\/\/www.hilsonic.co.uk\/wp-json\/wp\/v2\/pages"}],"about":[{"href":"https:\/\/www.hilsonic.co.uk\/wp-json\/wp\/v2\/types\/page"}],"author":[{"embeddable":true,"href":"https:\/\/www.hilsonic.co.uk\/wp-json\/wp\/v2\/users\/1"}],"replies":[{"embeddable":true,"href":"https:\/\/www.hilsonic.co.uk\/wp-json\/wp\/v2\/comments?post=1191"}],"version-history":[{"count":1,"href":"https:\/\/www.hilsonic.co.uk\/wp-json\/wp\/v2\/pages\/1191\/revisions"}],"predecessor-version":[{"id":1192,"href":"https:\/\/www.hilsonic.co.uk\/wp-json\/wp\/v2\/pages\/1191\/revisions\/1192"}],"wp:attachment":[{"href":"https:\/\/www.hilsonic.co.uk\/wp-json\/wp\/v2\/media?parent=1191"}],"curies":[{"name":"wp","href":"https:\/\/api.w.org\/{rel}","templated":true}]}}