{"id":1194,"date":"2016-07-07T12:19:13","date_gmt":"2016-07-07T12:19:13","guid":{"rendered":"http:\/\/hilsonic.co.uk\/?page_id=1194"},"modified":"2016-07-07T12:19:13","modified_gmt":"2016-07-07T12:19:13","slug":"submersible-transducers","status":"publish","type":"page","link":"https:\/\/www.hilsonic.co.uk\/de\/submersible-transducers\/","title":{"rendered":"Submersible transducers"},"content":{"rendered":"<div class=\"pageSplash\"> <img decoding=\"async\" class=\"uk-visible-large\"  style=\"background-color: #ebebeb;\" src=\"https:\/\/www.hilsonic.co.uk\/wp-content\/uploads\/2014\/03\/Transducer-Splash2.png\" alt=\"\" \/><\/p>\n<h2 style=\"border-bottom: 1px solid #8abee7; position: absolute; top: 60px; right: 20px; font-size: 32px; color: #585858; text-transform: uppercase;\">Submersible transducers<\/h2>\n<\/div>\n<p class=\"firstP\">Unsere tauchf\u00e4hige Ultraschallreinigungsger\u00e4te werden entworfen, um flexibel, vielseitig und tragbar zu sein.<\/p>\n<p>Wandler werden in einem wasserdichtem Geh\u00e4use geschlossen, das in das eigene Reinigungsger\u00e4t einer Firma eingetaucht sein kann, als Teil eines Online-Reinigungsproze\u03b2es benutzt sein kann oder zu analysieren, wo die Reinigungskrisenherden ben\u00f6tigt sind.<\/p>\n<p>Wandler werden in einem wasserdichtem Geh\u00e4use geschlossen, das in das eigene Reinigungsger\u00e4t einer Firma eingetaucht sein kann, als Teil eines Online-Reinigungsproze\u03b2es benutzt sein kann oder zu analysieren, wo die Reinigungskrisenherden ben\u00f6tigt sind.<\/p>\n<p>Sowohl wie die Art von Qualit\u00e4tsleistung zu erbringen, die von Hilsonics Ultraschallsysteme erwartet wird, sind die tauchf\u00e4hige Ger\u00e4te in 3 optionale Geh\u00e4use verf\u00fcgbar:<\/p>\n<ul class=\"uk-list uk-list-line\">\n<li><i class=\"uk-icon-check\" style=\"color: #8abee7;\"><\/i> 316L hochfester Edelstahl f\u00fcr allgemeine industrielle Verwendung.<\/li>\n<li><i class=\"uk-icon-check\" style=\"color: #8abee7;\"><\/i> Hartchrom um aggressive Chemikalien zu bek\u00e4mpfen, wie. z.B. S\u00e4ure, L\u00f6sungsmittel und kaustiche L\u00f6sungen. <\/li>\n<li><i class=\"uk-icon-check\" style=\"color: #8abee7;\"><\/i> Titan, f\u00fcr Ger\u00e4te die sich in extremen industriellen Umfelder befinden.<\/li>\n<\/ul>\n<p>Es l\u00e4uft alles auf die dynamischte und vielseitigste Palette von tauchf\u00e4higen Ultraschallreinigungsger\u00e4ten, die \u00fcberall in der Industrie verf\u00fcgbar sind.<\/p>\n<div style=\"background-color: #8abee7; padding-top: 20px; padding-bottom: 20px; padding-right: 30px;\">\n<p><img decoding=\"async\" class=\"uk-align-left\" style=\"width:23%;\" src=\"https:\/\/www.hilsonic.co.uk\/wp-content\/uploads\/2014\/05\/5.png\" alt=\"\" \/><\/p>\n<h3 style=\"padding-top: 10px; text-align: center;\">5 Jahre Garantie<\/h3>\n<p style=\"font-size: 18px; color: #fff; line-height: 22px; text-align: center;\">Wir sind von der Qualit\u00e4t unserer Wandleranordnungen &#8211; die wichtigsten Komponenten in irgendwelcher Ultraschallmaschine &#8211;  so sicher, dass wir die piezo elektrischen Komponenten mit einer 5 Jahre Garantie anbieten.<\/p>\n<\/div>\n","protected":false},"excerpt":{"rendered":"<p>Submersible transducers Unsere tauchf\u00e4hige Ultraschallreinigungsger\u00e4te werden entworfen, um flexibel, vielseitig und tragbar zu sein. Wandler werden in einem wasserdichtem Geh\u00e4use geschlossen, das in das eigene Reinigungsger\u00e4t einer Firma eingetaucht sein kann, als Teil eines Online-Reinigungsproze\u03b2es benutzt sein kann oder zu analysieren, wo die Reinigungskrisenherden ben\u00f6tigt sind. Wandler werden in einem wasserdichtem Geh\u00e4use geschlossen, das in [&hellip;]<\/p>\n","protected":false},"author":1,"featured_media":0,"parent":0,"menu_order":0,"comment_status":"closed","ping_status":"closed","template":"","meta":{"_acf_changed":false,"_locale":"de_DE","_original_post":"96","footnotes":""},"class_list":["post-1194","page","type-page","status-publish","hentry","de-DE"],"acf":[],"_links":{"self":[{"href":"https:\/\/www.hilsonic.co.uk\/wp-json\/wp\/v2\/pages\/1194","targetHints":{"allow":["GET"]}}],"collection":[{"href":"https:\/\/www.hilsonic.co.uk\/wp-json\/wp\/v2\/pages"}],"about":[{"href":"https:\/\/www.hilsonic.co.uk\/wp-json\/wp\/v2\/types\/page"}],"author":[{"embeddable":true,"href":"https:\/\/www.hilsonic.co.uk\/wp-json\/wp\/v2\/users\/1"}],"replies":[{"embeddable":true,"href":"https:\/\/www.hilsonic.co.uk\/wp-json\/wp\/v2\/comments?post=1194"}],"version-history":[{"count":1,"href":"https:\/\/www.hilsonic.co.uk\/wp-json\/wp\/v2\/pages\/1194\/revisions"}],"predecessor-version":[{"id":1195,"href":"https:\/\/www.hilsonic.co.uk\/wp-json\/wp\/v2\/pages\/1194\/revisions\/1195"}],"wp:attachment":[{"href":"https:\/\/www.hilsonic.co.uk\/wp-json\/wp\/v2\/media?parent=1194"}],"curies":[{"name":"wp","href":"https:\/\/api.w.org\/{rel}","templated":true}]}}