{"id":1196,"date":"2016-07-07T12:23:25","date_gmt":"2016-07-07T12:23:25","guid":{"rendered":"http:\/\/hilsonic.co.uk\/?page_id=1196"},"modified":"2016-07-07T12:23:42","modified_gmt":"2016-07-07T12:23:42","slug":"benutzerdefinierte-ultraschallreiniger","status":"publish","type":"page","link":"https:\/\/www.hilsonic.co.uk\/de\/benutzerdefinierte-ultraschallreiniger\/","title":{"rendered":"Benutzerdefinierte Ultraschallreiniger"},"content":{"rendered":"<div class=\"pageSplash\"> <img decoding=\"async\" class=\"uk-visible-large\"  style=\"background-color: #ebebeb;\" src=\"https:\/\/www.hilsonic.co.uk\/wp-content\/uploads\/2014\/03\/Custom-Build-Splash2.png\" alt=\"\" \/><\/p>\n<h2 style=\"border-bottom: 1px solid #8abee7; position: absolute; top: 30px; right: 20px; font-size: 32px; color: #585858; text-transform: uppercase;\">Benutzerdefinierte <br \/>Ultraschallreiniger<\/h2>\n<\/div>\n<div class=\"uk-grid\">\n<div class=\"uk-width-medium-2-3\" style=\"padding-right: 30px;\">\n<p class=\"firstP\">Wie die tauchf\u00e4hige Palette, sonderangefertigte Ultraschallreiniger von jeder Form oder Gr\u00f6\u03b2e tragen keine Sonderpr\u00e4mie.<\/p>\n<p>Von 1 Liter bis 15,000 Liter Kapazit\u00e4ten und mit einem gro\u03b2en Bereich von Frequenzen, Dichten und Nennleistungen, werden Hilsonics sonderangefertigte Modelle ohne Kompromisse bei Qualit\u00e4t oder Zuverl\u00e4ssigkeit immer die besten Reinigungsergebnisse  erbringen.<\/p>\n<p>F\u00fcr komplexere industrielle Reinigungsprozessen, die mehrstufige L\u00f6sungen ben\u00f6tigen, freuen wir uns hier bei Hilsonic mit den Kunden v\u00f6llig zu konsultieren, um ein zum Zweck geeignetes System zu entwickeln.<\/p>\n<p>Sonderangefertigte Ultraschallreinigungstanks k\u00f6nnen eine Vereinigung von w\u00e4ssrigen, dampfen und trockenden Prozessen in einer Vielfalt von Durchflussregelsystemen einschlie\u03b2en.<\/p>\n<p>Wenn Sie eine ma\u03b2geschneiderte L\u00f6sung ben\u00f6tigen, kontaktieren Sie uns heute und ein Mitgleid unseres technischen Teams wird Ihnen gerne weiterhelfen, um ein System zu entwerfen, das ihre Anforderungen erf\u00fcllt.\n<\/p><\/div>\n<div class=\"uk-width-medium-1-3\" style=\"background-color: #8abee7; padding-top: 20px; padding-bottom: 20px; padding-right: 30px;\">\n<p style=\"font-size: 150px; color: #fff; line-height: 110px; margin-top: 10px; text-align: center;\">1<\/p>\n<p style=\"font-size: 45px; color: #fff; line-height: 15px; text-align: center;\">to<\/p>\n<p style=\"font-size: 80px; color: #fff; line-height: 60px; margin-top: 30px; text-align: center;\">15,000<\/p>\n<p style=\"font-size: 35px; color: #fff; line-height: 40px; color: #5b80c1; text-align: center;\">litre capacities<\/p>\n<\/div>\n<\/div>\n","protected":false},"excerpt":{"rendered":"<p>Benutzerdefinierte Ultraschallreiniger Wie die tauchf\u00e4hige Palette, sonderangefertigte Ultraschallreiniger von jeder Form oder Gr\u00f6\u03b2e tragen keine Sonderpr\u00e4mie. Von 1 Liter bis 15,000 Liter Kapazit\u00e4ten und mit einem gro\u03b2en Bereich von Frequenzen, Dichten und Nennleistungen, werden Hilsonics sonderangefertigte Modelle ohne Kompromisse bei Qualit\u00e4t oder Zuverl\u00e4ssigkeit immer die besten Reinigungsergebnisse erbringen. F\u00fcr komplexere industrielle Reinigungsprozessen, die mehrstufige L\u00f6sungen [&hellip;]<\/p>\n","protected":false},"author":1,"featured_media":0,"parent":0,"menu_order":0,"comment_status":"closed","ping_status":"closed","template":"","meta":{"_acf_changed":false,"_locale":"de_DE","_original_post":"98","footnotes":""},"class_list":["post-1196","page","type-page","status-publish","hentry","de-DE"],"acf":[],"_links":{"self":[{"href":"https:\/\/www.hilsonic.co.uk\/wp-json\/wp\/v2\/pages\/1196","targetHints":{"allow":["GET"]}}],"collection":[{"href":"https:\/\/www.hilsonic.co.uk\/wp-json\/wp\/v2\/pages"}],"about":[{"href":"https:\/\/www.hilsonic.co.uk\/wp-json\/wp\/v2\/types\/page"}],"author":[{"embeddable":true,"href":"https:\/\/www.hilsonic.co.uk\/wp-json\/wp\/v2\/users\/1"}],"replies":[{"embeddable":true,"href":"https:\/\/www.hilsonic.co.uk\/wp-json\/wp\/v2\/comments?post=1196"}],"version-history":[{"count":2,"href":"https:\/\/www.hilsonic.co.uk\/wp-json\/wp\/v2\/pages\/1196\/revisions"}],"predecessor-version":[{"id":1198,"href":"https:\/\/www.hilsonic.co.uk\/wp-json\/wp\/v2\/pages\/1196\/revisions\/1198"}],"wp:attachment":[{"href":"https:\/\/www.hilsonic.co.uk\/wp-json\/wp\/v2\/media?parent=1196"}],"curies":[{"name":"wp","href":"https:\/\/api.w.org\/{rel}","templated":true}]}}