{"id":1199,"date":"2016-07-07T12:25:25","date_gmt":"2016-07-07T12:25:25","guid":{"rendered":"http:\/\/hilsonic.co.uk\/?page_id=1199"},"modified":"2016-07-07T12:25:25","modified_gmt":"2016-07-07T12:25:25","slug":"dampfentfettenden-geraete","status":"publish","type":"page","link":"https:\/\/www.hilsonic.co.uk\/de\/dampfentfettenden-geraete\/","title":{"rendered":"Dampfentfettenden Ger\u00e4te"},"content":{"rendered":"<div class=\"pageSplash\"> <img decoding=\"async\" class=\"uk-visible-large\" style=\"background-color: #ebebeb\" src=\"https:\/\/www.hilsonic.co.uk\/wp-content\/uploads\/2014\/03\/Vapour-Splash2.png\" \/><\/p>\n<h2 style=\"border-bottom: 1px solid #8abee7; position: absolute; top: 60px; right: 20px; font-size: 32px; color: #585858; text-transform: uppercase;\">Dampfentfettenden Ger\u00e4te<\/h2>\n<\/div>\n<p class=\"firstP\">Hilsonics dampfentfettenden Ger\u00e4te sind in 8 Standardgr\u00f6\u03b2en verf\u00fcgbar und werden f\u00fcr Reinigungsprobleme entworfen, wo entweder ein na\u03b2es System nicht geeignet ist oder es mit L\u00f6semitteldampf f\u00fcr die besten Ergebnisse kombiniert werden muss.<\/p>\n<p>Das System benutzt siedende L\u00f6sungsmittel in einem fl\u00fcssigen Zustand f\u00fcr die Entfettung von Spezialkomponenten. Der Proze\u03b2 wird mit der Einf\u00fchrung von Ultraschall weiter verst\u00e4rkt.<\/p>\n<p>Kondensatorspulen, die sich neben dem Top des Tankes befinden, den steigenden Dampf in die Fl\u00fcssigkeit zur\u00fcckkonvertieren, um die Reinigungschemikalie effizient zu recyceln.<\/p>\n<p>Das L\u00f6sungsmittel kann mit Elektrizit\u00e4t, Dampf oder Hochdruckwarmwasser erhitzt werden. Die umfassende Isolierung, die jedes Tank umschlie\u03b2t, hilft der Betriebstemperatur aufrechtzuerhalten und der Leistungsaufnahme zu verringern.<\/p>\n<p>Verf\u00fcgbar mit oder ohne Ultraschallassistenz, sind Hilsonics dampfentfettenden Ger\u00e4te zur Verwendung mit allen normalen L\u00f6sungsmittel inklusiver 1.1.1. Trichlorethan geeignet.<\/p>\n","protected":false},"excerpt":{"rendered":"<p>Dampfentfettenden Ger\u00e4te Hilsonics dampfentfettenden Ger\u00e4te sind in 8 Standardgr\u00f6\u03b2en verf\u00fcgbar und werden f\u00fcr Reinigungsprobleme entworfen, wo entweder ein na\u03b2es System nicht geeignet ist oder es mit L\u00f6semitteldampf f\u00fcr die besten Ergebnisse kombiniert werden muss. Das System benutzt siedende L\u00f6sungsmittel in einem fl\u00fcssigen Zustand f\u00fcr die Entfettung von Spezialkomponenten. Der Proze\u03b2 wird mit der Einf\u00fchrung von [&hellip;]<\/p>\n","protected":false},"author":1,"featured_media":0,"parent":0,"menu_order":0,"comment_status":"closed","ping_status":"closed","template":"","meta":{"_acf_changed":false,"_locale":"de_DE","_original_post":"100","footnotes":""},"class_list":["post-1199","page","type-page","status-publish","hentry","de-DE"],"acf":[],"_links":{"self":[{"href":"https:\/\/www.hilsonic.co.uk\/wp-json\/wp\/v2\/pages\/1199","targetHints":{"allow":["GET"]}}],"collection":[{"href":"https:\/\/www.hilsonic.co.uk\/wp-json\/wp\/v2\/pages"}],"about":[{"href":"https:\/\/www.hilsonic.co.uk\/wp-json\/wp\/v2\/types\/page"}],"author":[{"embeddable":true,"href":"https:\/\/www.hilsonic.co.uk\/wp-json\/wp\/v2\/users\/1"}],"replies":[{"embeddable":true,"href":"https:\/\/www.hilsonic.co.uk\/wp-json\/wp\/v2\/comments?post=1199"}],"version-history":[{"count":2,"href":"https:\/\/www.hilsonic.co.uk\/wp-json\/wp\/v2\/pages\/1199\/revisions"}],"predecessor-version":[{"id":1201,"href":"https:\/\/www.hilsonic.co.uk\/wp-json\/wp\/v2\/pages\/1199\/revisions\/1201"}],"wp:attachment":[{"href":"https:\/\/www.hilsonic.co.uk\/wp-json\/wp\/v2\/media?parent=1199"}],"curies":[{"name":"wp","href":"https:\/\/api.w.org\/{rel}","templated":true}]}}