{"id":1230,"date":"2016-07-13T14:09:07","date_gmt":"2016-07-13T14:09:07","guid":{"rendered":"http:\/\/hilsonic.co.uk\/?page_id=1230"},"modified":"2016-07-13T14:12:54","modified_gmt":"2016-07-13T14:12:54","slug":"anwendungen","status":"publish","type":"page","link":"https:\/\/www.hilsonic.co.uk\/de\/anwendungen\/","title":{"rendered":"Anwendungen"},"content":{"rendered":"<div class=\"pageSplash\"><img decoding=\"async\" class=\"uk-visible-large\" src=\"https:\/\/www.hilsonic.co.uk\/wp-content\/uploads\/2014\/03\/Applications-Splash2.jpg\" alt=\"\" \/><\/p>\n<h1 style=\"top: 60px; left: 0px; font-size: 48px; color: #000; text-transform: uppercase; background-color: rgba(255,255,255, 0.8); padding: 20px 20px 20px 20px;\"><strong>Anwendungen<\/strong><\/h1>\n<\/div>\n<p class=\"firstP\">Hilsonics Ultraschallreinigungsger\u00e4te werden von Dutzenden Sektoren benutzt, um ein breites Spektrum von harten Oberfl\u00e4chen zu reinigen.<\/p>\n<p class=\"titleP\">Unsere Technologien werden st\u00e4ndig benutzt, um Schmutz, Dreck und Verunreinigung von Produkten und Ausr\u00fcstungen zu entfernen, einschlie\u03b2lich:<\/p>\n<div class=\"uk-grid\">\n<div class=\"uk-width-medium-1-2\">\n<ul class=\"uk-list uk-list-line\">\n<li>W\u00e4rmetauscher<\/li>\n<li>Fenster &#8211; Jalousien<\/li>\n<li>Golfschl\u00e4ger<\/li>\n<li>Schmuck<\/li>\n<li>Zwischenk\u00fchler<\/li>\n<li>Mikrochips<\/li>\n<\/ul>\n<\/div>\n<div class=\"uk-width-medium-1-2\">\n<ul class=\"uk-list uk-list-line\">\n<li>Chirurgische Instrumente<\/li>\n<li>Luftfahrzeugkomponente<\/li>\n<li>Zahnarztbohrer<\/li>\n<li>Die Keramik und Motorteile sowie Kolben, Ventile, Zylinderk\u00f6pfe und Motorbl\u00f6cke<\/li>\n<li>Andere Motorteile<\/li>\n<\/ul>\n<\/div>\n<\/div>\n<p><em>Wenn die Reinigung ben\u00f6tigt wird, werden wir Ihnen eine Ultraschalll\u00f6sung anbieten, die genau die Richtige f\u00fcr Ihre pr\u00e4zisen individuellen Bed\u00fcrfnisse ist.<\/em><\/p>\n","protected":false},"excerpt":{"rendered":"<p>Anwendungen Hilsonics Ultraschallreinigungsger\u00e4te werden von Dutzenden Sektoren benutzt, um ein breites Spektrum von harten Oberfl\u00e4chen zu reinigen. Unsere Technologien werden st\u00e4ndig benutzt, um Schmutz, Dreck und Verunreinigung von Produkten und Ausr\u00fcstungen zu entfernen, einschlie\u03b2lich: W\u00e4rmetauscher Fenster &#8211; Jalousien Golfschl\u00e4ger Schmuck Zwischenk\u00fchler Mikrochips Chirurgische Instrumente Luftfahrzeugkomponente Zahnarztbohrer Die Keramik und Motorteile sowie Kolben, Ventile, Zylinderk\u00f6pfe und [&hellip;]<\/p>\n","protected":false},"author":1,"featured_media":0,"parent":0,"menu_order":0,"comment_status":"closed","ping_status":"closed","template":"","meta":{"_acf_changed":false,"_locale":"de_DE","_original_post":"32","footnotes":""},"class_list":["post-1230","page","type-page","status-publish","hentry","de-DE"],"acf":[],"_links":{"self":[{"href":"https:\/\/www.hilsonic.co.uk\/wp-json\/wp\/v2\/pages\/1230","targetHints":{"allow":["GET"]}}],"collection":[{"href":"https:\/\/www.hilsonic.co.uk\/wp-json\/wp\/v2\/pages"}],"about":[{"href":"https:\/\/www.hilsonic.co.uk\/wp-json\/wp\/v2\/types\/page"}],"author":[{"embeddable":true,"href":"https:\/\/www.hilsonic.co.uk\/wp-json\/wp\/v2\/users\/1"}],"replies":[{"embeddable":true,"href":"https:\/\/www.hilsonic.co.uk\/wp-json\/wp\/v2\/comments?post=1230"}],"version-history":[{"count":4,"href":"https:\/\/www.hilsonic.co.uk\/wp-json\/wp\/v2\/pages\/1230\/revisions"}],"predecessor-version":[{"id":1235,"href":"https:\/\/www.hilsonic.co.uk\/wp-json\/wp\/v2\/pages\/1230\/revisions\/1235"}],"wp:attachment":[{"href":"https:\/\/www.hilsonic.co.uk\/wp-json\/wp\/v2\/media?parent=1230"}],"curies":[{"name":"wp","href":"https:\/\/api.w.org\/{rel}","templated":true}]}}