{"id":1236,"date":"2016-07-13T14:14:32","date_gmt":"2016-07-13T14:14:32","guid":{"rendered":"http:\/\/hilsonic.co.uk\/?page_id=1236"},"modified":"2016-07-13T14:35:07","modified_gmt":"2016-07-13T14:35:07","slug":"hgf","status":"publish","type":"page","link":"https:\/\/www.hilsonic.co.uk\/de\/hgf\/","title":{"rendered":"HGF"},"content":{"rendered":"<h2 style=\"color: #5b80c1;\">H\u00e4ufig gestellte Fragen<\/h2>\n\n<p><em>Wenn Sie weitere Informationen \u00fcber einen der obengenannten Punkten ben\u00f6tigen, bitte kontaktieren Sie uns und wir werden gerne Ihre Fragen beantworten.<\/em><\/p>\n","protected":false},"excerpt":{"rendered":"<p>H\u00e4ufig gestellte Fragen Wenn Sie weitere Informationen \u00fcber einen der obengenannten Punkten ben\u00f6tigen, bitte kontaktieren Sie uns und wir werden gerne Ihre Fragen beantworten.<\/p>\n","protected":false},"author":1,"featured_media":0,"parent":0,"menu_order":0,"comment_status":"closed","ping_status":"closed","template":"","meta":{"_acf_changed":false,"_locale":"de_DE","_original_post":"40","footnotes":""},"class_list":["post-1236","page","type-page","status-publish","hentry","de-DE"],"acf":[],"_links":{"self":[{"href":"https:\/\/www.hilsonic.co.uk\/wp-json\/wp\/v2\/pages\/1236","targetHints":{"allow":["GET"]}}],"collection":[{"href":"https:\/\/www.hilsonic.co.uk\/wp-json\/wp\/v2\/pages"}],"about":[{"href":"https:\/\/www.hilsonic.co.uk\/wp-json\/wp\/v2\/types\/page"}],"author":[{"embeddable":true,"href":"https:\/\/www.hilsonic.co.uk\/wp-json\/wp\/v2\/users\/1"}],"replies":[{"embeddable":true,"href":"https:\/\/www.hilsonic.co.uk\/wp-json\/wp\/v2\/comments?post=1236"}],"version-history":[{"count":2,"href":"https:\/\/www.hilsonic.co.uk\/wp-json\/wp\/v2\/pages\/1236\/revisions"}],"predecessor-version":[{"id":1239,"href":"https:\/\/www.hilsonic.co.uk\/wp-json\/wp\/v2\/pages\/1236\/revisions\/1239"}],"wp:attachment":[{"href":"https:\/\/www.hilsonic.co.uk\/wp-json\/wp\/v2\/media?parent=1236"}],"curies":[{"name":"wp","href":"https:\/\/api.w.org\/{rel}","templated":true}]}}